{"id":2265,"date":"2017-02-23T15:22:12","date_gmt":"2017-02-23T14:22:12","guid":{"rendered":"https:\/\/www.palm-hotel.com\/contact\/"},"modified":"2025-07-18T08:27:56","modified_gmt":"2025-07-18T06:27:56","slug":"contact","status":"publish","type":"page","link":"https:\/\/www.palm-hotel.com\/en\/contact\/","title":{"rendered":"Contact"},"content":{"rendered":"<p><section   class=\"fw-main-row-custom fw-main-row-top fw-section-no-padding  fw_theme_bg_fw-custom fw-section-image fw-section-height-custom  fw-section-position-back tf-sh-0427b7c6c59618cbd33a2e564bb5cafc header_contact\"  style=\" background-image:url(https:\/\/www.palm-hotel.com\/wp-content\/uploads\/2020\/07\/IMG-3930.jpg); background-repeat: no-repeat; background-position: center top; background-size: contain; height: 560px;\"  >\n\t\t\t<div class=\"fw-container-fluid\" >\n\t\t<div class=\"fw-row\">\n\t<div id=\"column-69f39bcb52992\" class=\"fw-col-sm-12 tf-sh-18b8432e0468f1415a3ae419b7822d33  fw-animated-element fw-col-no-padding\" data-animation-type=\"fadeInUp\" data-animation-delay=\"300\">\n\t<div class=\"fw-wrap-col-inner clearfix  \"   >\n\t\t\t\t<div class=\"fw-col-inner\">\n\t\t\t<div class=\"fw-heading fw-heading-center  fw-heading-with-subtitle tf-sh-277ab0ddd26e64a702509b6a58d9f9c2\" >\n\t\t\t<h1 class=\"fw-special-title\">CONTACT<\/h1>\n\t\n\t\n\t\t\t<div class=\"fw-special-subtitle\">Palm Hotel Nice<\/div>\n\t<\/div>\t\t<\/div>\n\t<\/div>\n<\/div><\/div>\n\n\t<\/div>\n\t<\/section><section   class=\"fw-main-row  auto  fw-section-position-back\"    >\n\t\t\t<div class=\"fw-container\" >\n\t\t<div class=\"fw-row\">\n\t<div id=\"column-69f39bcb52fc3\" class=\"fw-col-sm-6 tf-sh-a495578703481781fc097ad739476b22\" >\n\t<div class=\"fw-wrap-col-inner clearfix  \"   >\n\t\t\t\t<div class=\"fw-col-inner\">\n\t\t\t<div class=\"fw-text-box tf-sh-affd9a964a09988e4617e2440991d4d5 \" >\n\t<div class=\"fw-text-inner\">\n\t\t<p>After 8 months of renovation in 2019, Orlane and Nicolas finally open the doors of their Hotel in a \u201cseaside\u201d atmosphere with pretty pastel colors and a few exotic touches for a gentle change of scenery in the heart of the metropolis.<\/p>\n<p>For more than 10 years, this young couple, passionate about their profession, has been able to develop their skills here and abroad.<\/p>\n\t<\/div>\n<\/div>\t\t<\/div>\n\t<\/div>\n<\/div><div id=\"column-69f39bcb5322c\" class=\"fw-col-sm-6 tf-sh-e9c8fb8a1823631b3d3e9e7de03ab932\" >\n\t<div class=\"fw-wrap-col-inner clearfix  \"   >\n\t\t\t\t<div class=\"fw-col-inner\">\n\t\t\t<div class=\"fw-text-box tf-sh-cd477aad6957bbd11029bda384c4518d \" >\n\t<div class=\"fw-text-inner\">\n\t\t<p>&nbsp;<\/p>\n<p>\"Our challenge is to combine the charm and comfort of a guest house with the attentive services of an Hotel. Welcome home ! \u00bb<\/p>\n<p>Orlane &amp; Nicolas<\/p>\n\t<\/div>\n<\/div>\t\t<\/div>\n\t<\/div>\n<\/div><\/div>\n\n\t<\/div>\n\t<\/section><section   class=\"fw-main-row-custom fw-section-no-padding  auto  fw-section-position-back tf-sh-d3643a417170c89d501b5e4786537ca6\"    >\n\t\t\t<div class=\"fw-container\" >\n\t\t<div class=\"fw-row\">\n\t<div id=\"column-69f39bcb5382a\" class=\"fw-col-sm-12 tf-sh-d79120c33b8acc9e9f43f19dc5586574 contact-form fw-animated-element\" data-animation-type=\"fadeInUp\" data-animation-delay=\"300\">\n\t<div class=\"fw-wrap-col-inner clearfix  \"   >\n\t\t\t\t<div class=\"fw-col-inner\">\n\t\t\t<div class=\"fw-heading fw-heading-center  tf-sh-9fff14c94cd8b0a262d195780c2c6c2d\" >\n\t\t\t<h1 class=\"fw-special-title\">MORE INFORMATION<\/h1>\n\t\n\t\n\t<\/div><div class=\"fw-contact-form tf-sh-de682c4fdac962b07ab22f64ca3b9190 \" data-redirect-page=\"\">\n\t<div class=\"fw-row wrap-forms wrap-contact-forms\">\n\t\t<form data-fw-form-id=\"fw_form\" method=\"post\" action=\"https:\/\/www.palm-hotel.com\/en\/wp-json\/wp\/v2\/pages\/2265\" class=\"fw_form_fw_form\" data-fw-ext-forms-type=\"contact-forms\"  ><input type=\"hidden\" name=\"fwf\" value=\"fw_form\" \/><input type=\"hidden\" id=\"_nonce_c10faec2999b9157238df917326a658d\" name=\"_nonce_c10faec2999b9157238df917326a658d\" value=\"3bad0cc9a5\" \/><input type=\"hidden\" name=\"_wp_http_referer\" value=\"\/en\/wp-json\/wp\/v2\/pages\/2265\" \/><input type=\"hidden\" name=\"fw_ext_forms_form_type\" value=\"contact-forms\" \/><input type=\"hidden\" name=\"fw_ext_forms_form_id\" value=\"de682c4fdac962b07ab22f64ca3b9190\" \/><div class=\"fw-row\"><\/div><div class=\"fw-row\"><div class=\"fw-col-xs-12 fw-col-sm-6 form-builder-item\">\n\t<div class=\"field-text\">\n\t\t\t\t<input type=\"text\" name=\"email_daaab78\" placeholder=\"EMAIL :\" value=\"\" id=\"id-1\" class=\"required\" >\n\t\t\t<\/div>\n<\/div><div class=\"fw-col-xs-12 fw-col-sm-6 form-builder-item\">\n\t<div class=\"field-text\">\n\t\t\t\t<input type=\"text\" name=\"number_b9183ae\" placeholder=\"T\u00c9L\u00c9PHONE :\" value=\"\" id=\"id-2\" class=\"required\" >\n\t\t\t<\/div>\n<\/div><\/div><div class=\"fw-row\"><div class=\"fw-col-xs-12 form-builder-item\">\n\t<div class=\"field-text\">\n\t\t\t\t<input type=\"text\" name=\"text_a4af02f\" placeholder=\"SUJET :\" value=\"\" id=\"id-3\" >\n\t\t\t<\/div>\n<\/div><\/div><div class=\"fw-row\"><div class=\"fw-col-xs-12 form-builder-item\">\n\t<div class=\"field-textarea\">\n\t\t\t\t\t<label for=\"id-4\">MESSAGE :\t\t\t\t\t\t\t<\/label>\n\t\t\t\t<textarea name=\"textarea_169b0b6\" placeholder=\"\" id=\"id-4\" ><\/textarea>\n\t\t\t<\/div>\n<\/div><\/div><div class=\"fw-row\">\t<div class=\"fw-col-xs-12 form-builder-item\">\n\t\t<div class=\"field-checkbox input-styled fw-item-one-column\">\n\t\t\t\t\t\t\t<label> \t\t\t\t\t<sup>*<\/sup>\t\t\t\t<\/label>\n\t\t\t\t\t\t<div class=\"custom-checkbox\">\n\t\t\t\t\t\t\t\t\t\t\t\t\t\t<div class=\"options\">\n\t\t\t\t\t\t<input type=\"checkbox\" name=\"checkboxes_280df3d[]\" value=\"En soumettant ce formulaire, j&#039;accepte que les informations saisies dans ce formulaire soient utilis\u00e9es pour permettre de me recontacter. J\u2019affirme avoir pris connaissance de notre politique de confidentialit\u00e9\" id=\"rand-5\"  \/>\n\t\t\t\t\t\t<label for=\"rand-5\">En soumettant ce formulaire, j'accepte que les informations saisies dans ce formulaire soient utilis\u00e9es pour permettre de me recontacter. J\u2019affirme avoir pris connaissance de notre politique de confidentialit\u00e9<\/label>\n\t\t\t\t\t<\/div>\n\t\t\t\t\t\t\t<\/div>\n\t\t\t\t\t<\/div>\n\t<\/div>\n<\/div><div class=\"fw-row\"><div class=\"fw-col-xs-12 fw-col-sm-6 form-builder-item\">\n\t<div class=\"field-recaptcha\">\n\t\t<label> <\/label>\n\t\t<input type=\"hidden\" name=\"recaptcha_afe342a\">\n\t\t<div class=\"form-builder-item-recaptcha\" ><\/div>\n\t<\/div>\n<\/div><\/div><div class=\"fw-row\">\n\t\t\t<div class=\"fw-col-sm-12 field-submit text-center\">\n\t\t\t<button type=\"submit\" class=\"fw-btn  fw-btn-lg fw-btn-1\" style=\"\">\n\t\t\t\t<span>\n\t\t\t\t\t\t\t\t\t\t\t\u00a0 ENVOYER \u00a0\t\t\t\t\t\t\t\t\t<\/span>\n\t\t\t<\/button>\n\t\t<\/div>\n\t<\/div><\/form>\t<\/div>\n<\/div><div class=\"fw-divider-space  fw-custom-space  fw-mobile-hide-element clearfix\" style=\"height:140px;\" ><\/div>\t\t<\/div>\n\t<\/div>\n<\/div><\/div>\n\n\t<\/div>\n\t<\/section><section   class=\"fw-main-row-custom fw-section-no-padding  fw_theme_bg_fw-custom fw-section-image auto  fw-tablet-landscape-hide-element fw-tablet-hide-element fw-mobile-hide-element fw-section-position-back tf-sh-1810bc28938a31f1af6afd973a063b0d\"  style=\" background-image:url(https:\/\/www.palm-hotel.com\/wp-content\/uploads\/2017\/03\/address-bg.jpg); background-repeat: no-repeat; background-position: center bottom; background-size: cover;\"  >\n\t\t\t<div class=\"fw-container-fluid\" >\n\t\t<div class=\"fw-row\">\n\t<div id=\"column-69f39bcb549b8\" class=\"fw-col-sm-2 tf-sh-1fe0c15b138b9133e3e184f571c83aa8\" >\n\t<div class=\"fw-wrap-col-inner clearfix  \"   >\n\t\t\t\t<div class=\"fw-col-inner\">\n\t\t\t\t\t<\/div>\n\t<\/div>\n<\/div><div id=\"column-69f39bcb54ae2\" class=\"fw-col-sm-4 tf-sh-4bee8ea3a101e440fe2b758f05e91ebd  fw-animated-element\" data-animation-type=\"fadeInUp\" data-animation-delay=\"300\">\n\t<div class=\"fw-wrap-col-inner clearfix  \"   >\n\t\t\t\t<div class=\"fw-col-inner\">\n\t\t\t<div class=\"fw-heading fw-heading-left  tf-sh-81d1c2ccc535c55325a6e4afb4ef7c42\" >\n\t\t\t<h3 class=\"fw-special-title\">Adresse:<\/h3>\n\t\n\t\n\t<\/div><div class=\"fw-divider-space  fw-custom-space  clearfix\" style=\"height:20px;\" ><\/div><div class=\"fw-text-box tf-sh-50afc1f188e9aa18eb1ef4b5c7ceb391 \" >\n\t<div class=\"fw-text-inner\">\n\t\t<p>T\u00e9l\u00e9phone : <span class=\"s1\">+33(0)4 97 20 27 80\u00a0<\/span><\/p>\n<p>Mail : contact@palm-hotel.com<\/p>\n<p>Palm Hotel***<br \/>8 B Rue Maccarani<br \/>06000, France<br \/>France<\/p>\n\t<\/div>\n<\/div>\t\t<\/div>\n\t<\/div>\n<\/div><div id=\"column-69f39bcb54e91\" class=\"fw-col-sm-6 tf-sh-610014d9feb6db1f49d2c01330781025 map-adjustment fw-animated-element\" data-animation-type=\"fadeInUp\" data-animation-delay=\"500\">\n\t<div class=\"fw-wrap-col-inner clearfix  \"   >\n\t\t\t\t<div class=\"fw-col-inner\">\n\t\t\t<div class=\"fw-text-box tf-sh-6a5a70f1308bd36a4959aaf805dccea7 \" >\n\t<div class=\"fw-text-inner\">\n\t\t<p><iframe loading=\"lazy\" style=\"border: 0;\" tabindex=\"0\" src=\"https:\/\/www.google.com\/maps\/embed?pb=!1m14!1m8!1m3!1d11538.37221477846!2d7.2646746!3d43.698223!3m2!1i1024!2i768!4f13.1!3m3!1m2!1s0x0%3A0x982f697cc90b5fad!2sPalm%20H%C3%B4tel%20Nice!5e0!3m2!1sfr!2sfr!4v1588513875843!5m2!1sfr!2sfr\" width=\"100%\" height=\"450\" frameborder=\"0\" allowfullscreen=\"allowfullscreen\" aria-hidden=\"false\"><\/iframe><\/p>\n\t<\/div>\n<\/div>\t\t<\/div>\n\t<\/div>\n<\/div><\/div>\n\n<div class=\"fw-row\">\n\t<div id=\"column-69f39bcb5516f\" class=\"fw-col-sm-12 tf-sh-cf90878318cd583faab1c5590f18c6d6\" >\n\t<div class=\"fw-wrap-col-inner clearfix  \"   >\n\t\t\t\t<div class=\"fw-col-inner\">\n\t\t\t<div class=\"fw-divider-space  fw-custom-space  clearfix\" style=\"height:75px;\" ><\/div>\t\t<\/div>\n\t<\/div>\n<\/div><\/div>\n\n\t<\/div>\n\t<\/section><section   class=\"fw-main-row-custom fw-section-no-padding  fw_theme_bg_fw-custom fw-section-image auto  fw-desktop-hide-element fw-section-position-back tf-sh-0121d0bf6d61452d7da5bfb3e08b5302\"  style=\" background-image:url(https:\/\/www.palm-hotel.com\/wp-content\/uploads\/2017\/03\/address-bg.jpg); background-repeat: no-repeat; background-position: center bottom; background-size: cover;\"  >\n\t\t\t<div class=\"fw-container-fluid\" >\n\t\t<div class=\"fw-row\">\n\t<div id=\"column-69f39bcb556cd\" class=\"fw-col-sm-6 tf-sh-6bb6a18db896a5f6f83efee7758026c7  fw-animated-element\" data-animation-type=\"fadeInUp\" data-animation-delay=\"300\">\n\t<div class=\"fw-wrap-col-inner clearfix  \"   >\n\t\t\t\t<div class=\"fw-col-inner\">\n\t\t\t<div class=\"fw-heading fw-heading-left  tf-sh-9fa03454f4303547f1911ab0c3d2642e\" >\n\t\t\t<h3 class=\"fw-special-title\">Adresse:<\/h3>\n\t\n\t\n\t<\/div><div class=\"fw-divider-space  fw-custom-space  clearfix\" style=\"height:20px;\" ><\/div><div class=\"fw-text-box tf-sh-5af3f43fcb4b6bc03e84fdbb37586efb \" >\n\t<div class=\"fw-text-inner\">\n\t\t<p>T\u00e9l\u00e9phone : <span class=\"s1\">+33(0)4 97 20 27 80\u00a0<\/span><\/p>\n<p>Mail : contact@palm-hotel.com<\/p>\n<p>Palm Hotel***<br \/>8 B Rue Maccarani<br \/>06000, France<br \/>France<\/p>\n\t<\/div>\n<\/div>\t\t<\/div>\n\t<\/div>\n<\/div><div id=\"column-69f39bcb55a47\" class=\"fw-col-sm-12 fw-col-md-6 tf-sh-25be2861b7a2ad4db442db5bdcf8f7c8 map-adjustment fw-animated-element\" data-animation-type=\"fadeInUp\" data-animation-delay=\"500\">\n\t<div class=\"fw-wrap-col-inner clearfix  \"   >\n\t\t\t\t<div class=\"fw-col-inner\">\n\t\t\t<div class=\"fw-text-box tf-sh-4d12f7d144b3cd88031e92e7a95f6c42 \" >\n\t<div class=\"fw-text-inner\">\n\t\t<p><iframe loading=\"lazy\" style=\"border: 0;\" tabindex=\"0\" src=\"https:\/\/www.google.com\/maps\/embed?pb=!1m14!1m8!1m3!1d11538.37221477846!2d7.2646746!3d43.698223!3m2!1i1024!2i768!4f13.1!3m3!1m2!1s0x0%3A0x982f697cc90b5fad!2sPalm%20H%C3%B4tel%20Nice!5e0!3m2!1sfr!2sfr!4v1588513875843!5m2!1sfr!2sfr\" width=\"100%\" height=\"550\" frameborder=\"0\" allowfullscreen=\"allowfullscreen\" aria-hidden=\"false\"><\/iframe><\/p>\n\t<\/div>\n<\/div>\t\t<\/div>\n\t<\/div>\n<\/div><\/div>\n\n<div class=\"fw-row\">\n\t<div id=\"column-69f39bcb55cd7\" class=\"fw-col-sm-12 tf-sh-60b02e44f66cd88cb294fd7c9bd935af\" >\n\t<div class=\"fw-wrap-col-inner clearfix  \"   >\n\t\t\t\t<div class=\"fw-col-inner\">\n\t\t\t<div class=\"fw-divider-space  fw-custom-space  fw-mobile-hide-element clearfix\" style=\"height:75px;\" ><\/div>\t\t<\/div>\n\t<\/div>\n<\/div><\/div>\n\n\t<\/div>\n\t<\/section><\/p>\n","protected":false},"excerpt":{"rendered":"<p>CONTACT Palm Hotel Nice After 8 months of renovation in 2019, Orlane and Nicolas finally open the doors of their Hotel in a \u201cseaside\u201d atmosphere with pretty pastel colors and a few exotic touches for a gentle change of scenery in the heart of the metropolis. For more than 10 years, this young couple, passionate [&hellip;]<\/p>\n","protected":false},"author":1,"featured_media":0,"parent":0,"menu_order":0,"comment_status":"closed","ping_status":"closed","template":"visual-builder-template.php","meta":{"footnotes":""},"class_list":["post-2265","page","type-page","status-publish","hentry"],"acf":[],"yoast_head":"<!-- This site is optimized with the Yoast SEO plugin v18.7 - https:\/\/yoast.com\/wordpress\/plugins\/seo\/ -->\n<title>Contact Palm Hotel Nice<\/title>\n<meta name=\"description\" content=\"Retrouvez toutes les coordonn\u00e9es du Palm Hotel Nice. Contactez-nous et nos \u00e9quipes se feront un plaisir de vous r\u00e9pondre dans les plus brefs d\u00e9lais.\" \/>\n<meta name=\"robots\" content=\"index, follow, max-snippet:-1, max-image-preview:large, max-video-preview:-1\" \/>\n<link rel=\"canonical\" href=\"https:\/\/www.palm-hotel.com\/en\/contact\/\" \/>\n<meta property=\"og:locale\" content=\"en_US\" \/>\n<meta property=\"og:type\" content=\"article\" \/>\n<meta property=\"og:title\" content=\"Contact Palm Hotel Nice\" \/>\n<meta property=\"og:description\" content=\"Retrouvez toutes les coordonn\u00e9es du Palm Hotel Nice. Contactez-nous et nos \u00e9quipes se feront un plaisir de vous r\u00e9pondre dans les plus brefs d\u00e9lais.\" \/>\n<meta property=\"og:url\" content=\"https:\/\/www.palm-hotel.com\/en\/contact\/\" \/>\n<meta property=\"og:site_name\" content=\"Palm Hotel\" \/>\n<meta property=\"article:modified_time\" content=\"2025-07-18T06:27:56+00:00\" \/>\n<meta name=\"twitter:card\" content=\"summary_large_image\" \/>\n<meta name=\"twitter:label1\" content=\"Est. reading time\" \/>\n\t<meta name=\"twitter:data1\" content=\"1 minute\" \/>\n<script type=\"application\/ld+json\" class=\"yoast-schema-graph\">{\"@context\":\"https:\/\/schema.org\",\"@graph\":[{\"@type\":\"WebSite\",\"@id\":\"https:\/\/www.palm-hotel.com\/en\/#website\",\"url\":\"https:\/\/www.palm-hotel.com\/en\/\",\"name\":\"Palm Hotel\",\"description\":\"H\u00f4tel 4 \u00e9toiles proche a\u00e9roport Nice\",\"potentialAction\":[{\"@type\":\"SearchAction\",\"target\":{\"@type\":\"EntryPoint\",\"urlTemplate\":\"https:\/\/www.palm-hotel.com\/en\/?s={search_term_string}\"},\"query-input\":\"required name=search_term_string\"}],\"inLanguage\":\"en-US\"},{\"@type\":\"WebPage\",\"@id\":\"https:\/\/www.palm-hotel.com\/en\/contact\/#webpage\",\"url\":\"https:\/\/www.palm-hotel.com\/en\/contact\/\",\"name\":\"Contact Palm Hotel Nice\",\"isPartOf\":{\"@id\":\"https:\/\/www.palm-hotel.com\/en\/#website\"},\"datePublished\":\"2017-02-23T14:22:12+00:00\",\"dateModified\":\"2025-07-18T06:27:56+00:00\",\"description\":\"Retrouvez toutes les coordonn\u00e9es du Palm Hotel Nice. Contactez-nous et nos \u00e9quipes se feront un plaisir de vous r\u00e9pondre dans les plus brefs d\u00e9lais.\",\"breadcrumb\":{\"@id\":\"https:\/\/www.palm-hotel.com\/en\/contact\/#breadcrumb\"},\"inLanguage\":\"en-US\",\"potentialAction\":[{\"@type\":\"ReadAction\",\"target\":[\"https:\/\/www.palm-hotel.com\/en\/contact\/\"]}]},{\"@type\":\"BreadcrumbList\",\"@id\":\"https:\/\/www.palm-hotel.com\/en\/contact\/#breadcrumb\",\"itemListElement\":[{\"@type\":\"ListItem\",\"position\":1,\"name\":\"Accueil\",\"item\":\"https:\/\/www.palm-hotel.com\/en\/\"},{\"@type\":\"ListItem\",\"position\":2,\"name\":\"Contact\"}]}]}<\/script>\n<!-- \/ Yoast SEO plugin. -->","yoast_head_json":{"title":"Contact Palm Hotel Nice","description":"Retrouvez toutes les coordonn\u00e9es du Palm Hotel Nice. Contactez-nous et nos \u00e9quipes se feront un plaisir de vous r\u00e9pondre dans les plus brefs d\u00e9lais.","robots":{"index":"index","follow":"follow","max-snippet":"max-snippet:-1","max-image-preview":"max-image-preview:large","max-video-preview":"max-video-preview:-1"},"canonical":"https:\/\/www.palm-hotel.com\/en\/contact\/","og_locale":"en_US","og_type":"article","og_title":"Contact Palm Hotel Nice","og_description":"Retrouvez toutes les coordonn\u00e9es du Palm Hotel Nice. Contactez-nous et nos \u00e9quipes se feront un plaisir de vous r\u00e9pondre dans les plus brefs d\u00e9lais.","og_url":"https:\/\/www.palm-hotel.com\/en\/contact\/","og_site_name":"Palm Hotel","article_modified_time":"2025-07-18T06:27:56+00:00","twitter_card":"summary_large_image","twitter_misc":{"Est. reading time":"1 minute"},"schema":{"@context":"https:\/\/schema.org","@graph":[{"@type":"WebSite","@id":"https:\/\/www.palm-hotel.com\/en\/#website","url":"https:\/\/www.palm-hotel.com\/en\/","name":"Palm Hotel","description":"H\u00f4tel 4 \u00e9toiles proche a\u00e9roport Nice","potentialAction":[{"@type":"SearchAction","target":{"@type":"EntryPoint","urlTemplate":"https:\/\/www.palm-hotel.com\/en\/?s={search_term_string}"},"query-input":"required name=search_term_string"}],"inLanguage":"en-US"},{"@type":"WebPage","@id":"https:\/\/www.palm-hotel.com\/en\/contact\/#webpage","url":"https:\/\/www.palm-hotel.com\/en\/contact\/","name":"Contact Palm Hotel Nice","isPartOf":{"@id":"https:\/\/www.palm-hotel.com\/en\/#website"},"datePublished":"2017-02-23T14:22:12+00:00","dateModified":"2025-07-18T06:27:56+00:00","description":"Retrouvez toutes les coordonn\u00e9es du Palm Hotel Nice. Contactez-nous et nos \u00e9quipes se feront un plaisir de vous r\u00e9pondre dans les plus brefs d\u00e9lais.","breadcrumb":{"@id":"https:\/\/www.palm-hotel.com\/en\/contact\/#breadcrumb"},"inLanguage":"en-US","potentialAction":[{"@type":"ReadAction","target":["https:\/\/www.palm-hotel.com\/en\/contact\/"]}]},{"@type":"BreadcrumbList","@id":"https:\/\/www.palm-hotel.com\/en\/contact\/#breadcrumb","itemListElement":[{"@type":"ListItem","position":1,"name":"Accueil","item":"https:\/\/www.palm-hotel.com\/en\/"},{"@type":"ListItem","position":2,"name":"Contact"}]}]}},"_links":{"self":[{"href":"https:\/\/www.palm-hotel.com\/en\/wp-json\/wp\/v2\/pages\/2265","targetHints":{"allow":["GET"]}}],"collection":[{"href":"https:\/\/www.palm-hotel.com\/en\/wp-json\/wp\/v2\/pages"}],"about":[{"href":"https:\/\/www.palm-hotel.com\/en\/wp-json\/wp\/v2\/types\/page"}],"author":[{"embeddable":true,"href":"https:\/\/www.palm-hotel.com\/en\/wp-json\/wp\/v2\/users\/1"}],"replies":[{"embeddable":true,"href":"https:\/\/www.palm-hotel.com\/en\/wp-json\/wp\/v2\/comments?post=2265"}],"version-history":[{"count":8,"href":"https:\/\/www.palm-hotel.com\/en\/wp-json\/wp\/v2\/pages\/2265\/revisions"}],"predecessor-version":[{"id":2671,"href":"https:\/\/www.palm-hotel.com\/en\/wp-json\/wp\/v2\/pages\/2265\/revisions\/2671"}],"wp:attachment":[{"href":"https:\/\/www.palm-hotel.com\/en\/wp-json\/wp\/v2\/media?parent=2265"}],"curies":[{"name":"wp","href":"https:\/\/api.w.org\/{rel}","templated":true}]}}