{"id":2271,"date":"2018-04-10T21:00:41","date_gmt":"2018-04-10T19:00:41","guid":{"rendered":"https:\/\/www.palm-hotel.com\/lhotel\/"},"modified":"2023-03-24T07:40:13","modified_gmt":"2023-03-24T06:40:13","slug":"hotel","status":"publish","type":"page","link":"https:\/\/www.palm-hotel.com\/en\/hotel\/","title":{"rendered":"HOTEL"},"content":{"rendered":"<p><section   class=\"fw-main-row-custom fw-main-row-top fw-section-no-padding  fw_theme_bg_fw-custom fw-section-image fw-section-height-custom  fw-section-position-back tf-sh-0427b7c6c59618cbd33a2e564bb5cafc\"  style=\" background-image:url(https:\/\/www.palm-hotel.com\/wp-content\/uploads\/2020\/05\/vue-aerienne-CADRE.jpg); background-repeat: no-repeat; background-position: center top; background-size: cover; height: 560px;\"  >\n\t\t\t<div class=\"fw-container-fluid\" >\n\t\t<div class=\"fw-row\">\n\t<div id=\"column-6a00844372c45\" class=\"fw-col-sm-12 tf-sh-18b8432e0468f1415a3ae419b7822d33  fw-animated-element fw-col-no-padding\" data-animation-type=\"fadeInUp\" data-animation-delay=\"300\">\n\t<div class=\"fw-wrap-col-inner clearfix  \"   >\n\t\t\t\t<div class=\"fw-col-inner\">\n\t\t\t<div class=\"fw-heading fw-heading-center  fw-heading-with-subtitle tf-sh-277ab0ddd26e64a702509b6a58d9f9c2\" >\n\t\t\t<h1 class=\"fw-special-title\">THE HOTEL<\/h1>\n\t\n\t\n\t\t\t<div class=\"fw-special-subtitle\">Discover the Palm Hotel Nice<\/div>\n\t<\/div>\t\t<\/div>\n\t<\/div>\n<\/div><\/div>\n\n\t<\/div>\n\t<\/section><section   class=\"fw-main-row-custom fw-section-no-padding  auto  fw-section-position-back tf-sh-2a24729400113cf7c2ac056d488aacd5\"    >\n\t\t\t<div class=\"fw-container\" >\n\t\t<div class=\"fw-row\">\n\t<div id=\"column-6a008443732b6\" class=\"fw-col-sm-12 tf-sh-3577f77f733188f01f6858a5183142de\" >\n\t<div class=\"fw-wrap-col-inner clearfix  \"   >\n\t\t\t\t<div class=\"fw-col-inner\">\n\t\t\t<div class=\"fw-divider-space  fw-custom-space  fw-mobile-hide-element clearfix\" style=\"height:140px;\" ><\/div>\t\t<\/div>\n\t<\/div>\n<\/div><\/div>\n\n<div class=\"fw-row\">\n\t<div id=\"column-6a008443735bd\" class=\"fw-col-sm-6 tf-sh-2640582917a35ea2bf1157b4e533c650  fw-animated-element\" data-animation-type=\"fadeInUp\" data-animation-delay=\"300\">\n\t<div class=\"fw-wrap-col-inner clearfix  \"   >\n\t\t\t\t<div class=\"fw-col-inner\">\n\t\t\t<div class=\"fw-text-box tf-sh-78b4e860daee041c1597fa210a9e937b \" >\n\t<div class=\"fw-text-inner\">\n\t\t<p>Captivated by the clear turquoise water and the palm trees of the Promenade des Anglais, you have well arrived in Nice and your journey continues at the Palm hotel ...<\/p>\n\t<\/div>\n<\/div>\t\t<\/div>\n\t<\/div>\n<\/div><div id=\"column-6a00844373812\" class=\"fw-col-sm-6 tf-sh-b931951f8c038257a5db646a6eb35c8b  fw-animated-element\" data-animation-type=\"fadeInUp\" data-animation-delay=\"500\">\n\t<div class=\"fw-wrap-col-inner clearfix  \"   >\n\t\t\t\t<div class=\"fw-col-inner\">\n\t\t\t<div class=\"fw-text-box tf-sh-4cee54d4aa7d4a1a17ff1d5912f11293 \" >\n\t<div class=\"fw-text-inner\">\n\t\t<p>After 8 months of renovation, this exceptional house from the beginning of the 1900 reopens its doors as a friendly boutique hotel with 16 rooms.<\/p>\n<p>Take ownership of different areas and live in this house as if it was your own. You can relax at the bar and discover the rums of the world, in the lobby or in our outdoor spaces by booking our \"Superior Terrace\" rooms.<\/p>\n\t<\/div>\n<\/div>\t\t<\/div>\n\t<\/div>\n<\/div><\/div>\n\n<div class=\"fw-row\">\n\t<div id=\"column-6a00844373ac9\" class=\"fw-col-sm-12 tf-sh-7e4898b680939314dc22a9aae3e0f156\" >\n\t<div class=\"fw-wrap-col-inner clearfix  \"   >\n\t\t\t\t<div class=\"fw-col-inner\">\n\t\t\t<div class=\"fw-divider-space  fw-custom-space  fw-mobile-hide-element clearfix\" style=\"height:70px;\" ><\/div>\t\t<\/div>\n\t<\/div>\n<\/div><\/div>\n\n<div class=\"fw-row\">\n\t<div id=\"column-6a00844373d89\" class=\"fw-col-sm-12 tf-sh-3dec225336948783f16a2695660c43c5  fw-animated-element\" data-animation-type=\"fadeInUp\" data-animation-delay=\"300\">\n\t<div class=\"fw-wrap-col-inner clearfix  \"   >\n\t\t\t\t<div class=\"fw-col-inner\">\n\t\t\t<div class=\"text-center\">\t<a href=\"https:\/\/www.palm-hotel.com\/contact\/\" target=\"_self\" class=\"fw-btn tf-sh-d4c62c48b20b2e52f34c9b080fbae930  fw-btn-md  fw-btn-1\"  style=\"\">\n\t\t<span >\n\t\t\tMORE INFORMATION<i class=\"pull-right-icon fa fa-angle-right\" style=\"font-size:22px;\"><\/i>\t\t<\/span>\n\t<\/a>\n<\/div><div class=\"fw-divider-space  fw-custom-space  fw-mobile-hide-element clearfix\" style=\"height:70px;\" ><\/div>\t\t<\/div>\n\t<\/div>\n<\/div><\/div>\n\n\t<\/div>\n\t<\/section><section   class=\"fw-main-row-custom fw-section-no-padding  auto  fw-section-position-back tf-sh-ab92656868cc9c71ef09e446399b9638\"  style=\" background-color:#e8e8e8;\"  >\n\t\t\t<div class=\"fw-container-fluid\" >\n\t\t<div class=\"fw-row\">\n\t<div id=\"column-6a00844374496\" class=\"fw-col-sm-12 fw-col-md-6 tf-sh-d998146fd8390b2ca885f1281f8c6e82  fw-col-no-padding\" >\n\t<div class=\"fw-wrap-col-inner clearfix   fw-column-height-custom\" style=\"height: 495px;\"  >\n\t\t\t\t<div class=\"fw-col-inner\">\n\t\t\t\t\t<\/div>\n\t<\/div>\n<\/div><div id=\"column-6a008443745bc\" class=\"fw-col-sm-12 fw-col-md-6 tf-sh-a63f715448fab47ecece44d1ebb4e6ff\" >\n\t<div class=\"fw-wrap-col-inner clearfix  \"   >\n\t\t\t\t<div class=\"fw-col-inner\">\n\t\t\t<div class=\"fw-divider-space  fw-custom-space  clearfix\" style=\"height:20px;\" ><\/div><div class=\"fw-text-box tf-sh-a69564321ae0f14d917305a7366a0191  fw-animated-element\"  data-animation-type=\"fadeInUp\" data-animation-delay=\"500\">\n\t<div class=\"fw-text-inner\">\n\t\t<p>Located in the best area of the French Riviera capital, come to discover and appreciate our exceptional location:<\/p>\n<p>- 230M from the Tram station (direct line to Nice C\u00f4te d\u00b4Azur Airport)<\/p>\n<p>- 300M from the Promenade des Anglais<\/p>\n<p>- 400M from Place Mass\u00e9na<\/p>\n<p>- 500M from the old town<\/p>\n<p>- 900M from Nice Ville train station<\/p>\n\t<\/div>\n<\/div><div class=\"fw-divider-space  fw-custom-space  clearfix\" style=\"height:20px;\" ><\/div>\t\t<\/div>\n\t<\/div>\n<\/div><\/div>\n\n\t<\/div>\n\t<\/section><section   class=\"fw-main-row-custom fw-section-no-padding  auto  fw-tablet-hide-element fw-mobile-hide-element fw-section-position-back tf-sh-39124043abdc0a9bc6379ad192643247\"  style=\" background-color:#ffffff;\"  >\n\t\t\t<div class=\"fw-container-fluid\" >\n\t\t<div class=\"fw-row\">\n\t<div id=\"column-6a00844374cb1\" class=\"fw-col-sm-12 fw-col-md-6 tf-sh-9e07398944d4e86626b3625c585fdd0c\" >\n\t<div class=\"fw-wrap-col-inner clearfix  \"   >\n\t\t\t\t<div class=\"fw-col-inner\">\n\t\t\t<div class=\"fw-divider-space  fw-custom-space  clearfix\" style=\"height:20px;\" ><\/div><div class=\"fw-text-box tf-sh-c3c5a51541038e03bb104f9dffbe7226  fw-animated-element\"  data-animation-type=\"fadeInUp\" data-animation-delay=\"500\">\n\t<div class=\"fw-text-inner\">\n\t\t<p>We welcome you every day from 7h30 to 19h00 (check in from 15h00 to 19h00 \/ Check out from 07h30 to 11h00). For any arrival after 19h00, do not hesitate to contact us.<\/p>\n<p>Unfortunately the Palm Hotel cannot accommodate people with reduced mobility, the hotel does \u00a0not have an appropriate lift.<\/p>\n\t<\/div>\n<\/div><div class=\"fw-divider-space  fw-custom-space  clearfix\" style=\"height:30px;\" ><\/div><div class=\"text-left\">\t<a href=\"https:\/\/www.palm-hotel.com\/tarifs\/\" target=\"_self\" class=\"fw-btn tf-sh-6f9872fdad144758b5ee3f4fa3f41cc9  fw-btn-md  fw-btn-1\"  style=\"\">\n\t\t<span >\n\t\t\tOUR RATES<i class=\"pull-right-icon fa fa-angle-right\" style=\"font-size:22px;\"><\/i>\t\t<\/span>\n\t<\/a>\n<\/div><div class=\"fw-divider-space  fw-custom-space  clearfix\" style=\"height:30px;\" ><\/div>\t\t<\/div>\n\t<\/div>\n<\/div><div id=\"column-6a008443751dd\" class=\"fw-col-sm-12 fw-col-md-6 tf-sh-33b0f29965edefbeb12fd2e4d694cba9  fw-col-no-padding\" >\n\t<div class=\"fw-wrap-col-inner clearfix   fw-column-height-custom\" style=\"height: 853px;\"  >\n\t\t\t\t<div class=\"fw-col-inner\">\n\t\t\t\t\t<\/div>\n\t<\/div>\n<\/div><\/div>\n\n\t<\/div>\n\t<\/section><\/p>\n","protected":false},"excerpt":{"rendered":"<p>THE HOTEL Discover the Palm Hotel Nice Captivated by the clear turquoise water and the palm trees of the Promenade des Anglais, you have well arrived in Nice and your journey continues at the Palm hotel &#8230; After 8 months of renovation, this exceptional house from the beginning of the 1900 reopens its doors as [&hellip;]<\/p>\n","protected":false},"author":1,"featured_media":0,"parent":0,"menu_order":0,"comment_status":"closed","ping_status":"closed","template":"visual-builder-template.php","meta":{"footnotes":""},"class_list":["post-2271","page","type-page","status-publish","hentry"],"acf":[],"yoast_head":"<!-- This site is optimized with the Yoast SEO plugin v18.7 - https:\/\/yoast.com\/wordpress\/plugins\/seo\/ -->\n<title>H\u00f4tel 4 \u00e9toiles Toulouse proche a\u00e9roport - Holiday Inn Toulouse Airport<\/title>\n<meta name=\"description\" content=\"Id\u00e9alement situ\u00e9 \u00e0 proximit\u00e9 de l&#039;a\u00e9roport, l&#039;h\u00f4tel 4 \u00e9toiles Holiday Inn Toulouse Airport vous accueille dans l&#039;une de ses 150 chambres de grand confort. Meilleur tarif garanti sur le site de l&#039;h\u00f4tel.\" \/>\n<meta name=\"robots\" content=\"index, follow, max-snippet:-1, max-image-preview:large, max-video-preview:-1\" \/>\n<link rel=\"canonical\" href=\"https:\/\/www.palm-hotel.com\/en\/hotel\/\" \/>\n<meta property=\"og:locale\" content=\"en_US\" \/>\n<meta property=\"og:type\" content=\"article\" \/>\n<meta property=\"og:title\" content=\"H\u00f4tel 4 \u00e9toiles Toulouse proche a\u00e9roport - Holiday Inn Toulouse Airport\" \/>\n<meta property=\"og:description\" content=\"Id\u00e9alement situ\u00e9 \u00e0 proximit\u00e9 de l&#039;a\u00e9roport, l&#039;h\u00f4tel 4 \u00e9toiles Holiday Inn Toulouse Airport vous accueille dans l&#039;une de ses 150 chambres de grand confort. Meilleur tarif garanti sur le site de l&#039;h\u00f4tel.\" \/>\n<meta property=\"og:url\" content=\"https:\/\/www.palm-hotel.com\/en\/hotel\/\" \/>\n<meta property=\"og:site_name\" content=\"Palm Hotel\" \/>\n<meta property=\"article:modified_time\" content=\"2023-03-24T06:40:13+00:00\" \/>\n<meta name=\"twitter:card\" content=\"summary_large_image\" \/>\n<meta name=\"twitter:label1\" content=\"Est. reading time\" \/>\n\t<meta name=\"twitter:data1\" content=\"1 minute\" \/>\n<script type=\"application\/ld+json\" class=\"yoast-schema-graph\">{\"@context\":\"https:\/\/schema.org\",\"@graph\":[{\"@type\":\"WebSite\",\"@id\":\"https:\/\/www.palm-hotel.com\/en\/#website\",\"url\":\"https:\/\/www.palm-hotel.com\/en\/\",\"name\":\"Palm Hotel\",\"description\":\"H\u00f4tel 4 \u00e9toiles proche a\u00e9roport Nice\",\"potentialAction\":[{\"@type\":\"SearchAction\",\"target\":{\"@type\":\"EntryPoint\",\"urlTemplate\":\"https:\/\/www.palm-hotel.com\/en\/?s={search_term_string}\"},\"query-input\":\"required name=search_term_string\"}],\"inLanguage\":\"en-US\"},{\"@type\":\"WebPage\",\"@id\":\"https:\/\/www.palm-hotel.com\/en\/hotel\/#webpage\",\"url\":\"https:\/\/www.palm-hotel.com\/en\/hotel\/\",\"name\":\"H\u00f4tel 4 \u00e9toiles Toulouse proche a\u00e9roport - Holiday Inn Toulouse Airport\",\"isPartOf\":{\"@id\":\"https:\/\/www.palm-hotel.com\/en\/#website\"},\"datePublished\":\"2018-04-10T19:00:41+00:00\",\"dateModified\":\"2023-03-24T06:40:13+00:00\",\"description\":\"Id\u00e9alement situ\u00e9 \u00e0 proximit\u00e9 de l'a\u00e9roport, l'h\u00f4tel 4 \u00e9toiles Holiday Inn Toulouse Airport vous accueille dans l'une de ses 150 chambres de grand confort. Meilleur tarif garanti sur le site de l'h\u00f4tel.\",\"breadcrumb\":{\"@id\":\"https:\/\/www.palm-hotel.com\/en\/hotel\/#breadcrumb\"},\"inLanguage\":\"en-US\",\"potentialAction\":[{\"@type\":\"ReadAction\",\"target\":[\"https:\/\/www.palm-hotel.com\/en\/hotel\/\"]}]},{\"@type\":\"BreadcrumbList\",\"@id\":\"https:\/\/www.palm-hotel.com\/en\/hotel\/#breadcrumb\",\"itemListElement\":[{\"@type\":\"ListItem\",\"position\":1,\"name\":\"Accueil\",\"item\":\"https:\/\/www.palm-hotel.com\/en\/\"},{\"@type\":\"ListItem\",\"position\":2,\"name\":\"HOTEL\"}]}]}<\/script>\n<!-- \/ Yoast SEO plugin. -->","yoast_head_json":{"title":"H\u00f4tel 4 \u00e9toiles Toulouse proche a\u00e9roport - Holiday Inn Toulouse Airport","description":"Id\u00e9alement situ\u00e9 \u00e0 proximit\u00e9 de l'a\u00e9roport, l'h\u00f4tel 4 \u00e9toiles Holiday Inn Toulouse Airport vous accueille dans l'une de ses 150 chambres de grand confort. Meilleur tarif garanti sur le site de l'h\u00f4tel.","robots":{"index":"index","follow":"follow","max-snippet":"max-snippet:-1","max-image-preview":"max-image-preview:large","max-video-preview":"max-video-preview:-1"},"canonical":"https:\/\/www.palm-hotel.com\/en\/hotel\/","og_locale":"en_US","og_type":"article","og_title":"H\u00f4tel 4 \u00e9toiles Toulouse proche a\u00e9roport - Holiday Inn Toulouse Airport","og_description":"Id\u00e9alement situ\u00e9 \u00e0 proximit\u00e9 de l'a\u00e9roport, l'h\u00f4tel 4 \u00e9toiles Holiday Inn Toulouse Airport vous accueille dans l'une de ses 150 chambres de grand confort. Meilleur tarif garanti sur le site de l'h\u00f4tel.","og_url":"https:\/\/www.palm-hotel.com\/en\/hotel\/","og_site_name":"Palm Hotel","article_modified_time":"2023-03-24T06:40:13+00:00","twitter_card":"summary_large_image","twitter_misc":{"Est. reading time":"1 minute"},"schema":{"@context":"https:\/\/schema.org","@graph":[{"@type":"WebSite","@id":"https:\/\/www.palm-hotel.com\/en\/#website","url":"https:\/\/www.palm-hotel.com\/en\/","name":"Palm Hotel","description":"H\u00f4tel 4 \u00e9toiles proche a\u00e9roport Nice","potentialAction":[{"@type":"SearchAction","target":{"@type":"EntryPoint","urlTemplate":"https:\/\/www.palm-hotel.com\/en\/?s={search_term_string}"},"query-input":"required name=search_term_string"}],"inLanguage":"en-US"},{"@type":"WebPage","@id":"https:\/\/www.palm-hotel.com\/en\/hotel\/#webpage","url":"https:\/\/www.palm-hotel.com\/en\/hotel\/","name":"H\u00f4tel 4 \u00e9toiles Toulouse proche a\u00e9roport - Holiday Inn Toulouse Airport","isPartOf":{"@id":"https:\/\/www.palm-hotel.com\/en\/#website"},"datePublished":"2018-04-10T19:00:41+00:00","dateModified":"2023-03-24T06:40:13+00:00","description":"Id\u00e9alement situ\u00e9 \u00e0 proximit\u00e9 de l'a\u00e9roport, l'h\u00f4tel 4 \u00e9toiles Holiday Inn Toulouse Airport vous accueille dans l'une de ses 150 chambres de grand confort. Meilleur tarif garanti sur le site de l'h\u00f4tel.","breadcrumb":{"@id":"https:\/\/www.palm-hotel.com\/en\/hotel\/#breadcrumb"},"inLanguage":"en-US","potentialAction":[{"@type":"ReadAction","target":["https:\/\/www.palm-hotel.com\/en\/hotel\/"]}]},{"@type":"BreadcrumbList","@id":"https:\/\/www.palm-hotel.com\/en\/hotel\/#breadcrumb","itemListElement":[{"@type":"ListItem","position":1,"name":"Accueil","item":"https:\/\/www.palm-hotel.com\/en\/"},{"@type":"ListItem","position":2,"name":"HOTEL"}]}]}},"_links":{"self":[{"href":"https:\/\/www.palm-hotel.com\/en\/wp-json\/wp\/v2\/pages\/2271","targetHints":{"allow":["GET"]}}],"collection":[{"href":"https:\/\/www.palm-hotel.com\/en\/wp-json\/wp\/v2\/pages"}],"about":[{"href":"https:\/\/www.palm-hotel.com\/en\/wp-json\/wp\/v2\/types\/page"}],"author":[{"embeddable":true,"href":"https:\/\/www.palm-hotel.com\/en\/wp-json\/wp\/v2\/users\/1"}],"replies":[{"embeddable":true,"href":"https:\/\/www.palm-hotel.com\/en\/wp-json\/wp\/v2\/comments?post=2271"}],"version-history":[{"count":4,"href":"https:\/\/www.palm-hotel.com\/en\/wp-json\/wp\/v2\/pages\/2271\/revisions"}],"predecessor-version":[{"id":2632,"href":"https:\/\/www.palm-hotel.com\/en\/wp-json\/wp\/v2\/pages\/2271\/revisions\/2632"}],"wp:attachment":[{"href":"https:\/\/www.palm-hotel.com\/en\/wp-json\/wp\/v2\/media?parent=2271"}],"curies":[{"name":"wp","href":"https:\/\/api.w.org\/{rel}","templated":true}]}}