{"id":2283,"date":"2020-01-17T12:31:15","date_gmt":"2020-01-17T11:31:15","guid":{"rendered":"https:\/\/www.palm-hotel.com\/tarifs\/"},"modified":"2025-02-26T11:53:56","modified_gmt":"2025-02-26T10:53:56","slug":"tarifs","status":"publish","type":"page","link":"https:\/\/www.palm-hotel.com\/en\/tarifs\/","title":{"rendered":"Tarifs"},"content":{"rendered":"<p><section   class=\"fw-main-row-custom fw-main-row-top fw-section-no-padding  fw_theme_bg_fw-custom fw-section-image fw-section-height-custom  fw-section-position-back tf-sh-0427b7c6c59618cbd33a2e564bb5cafc\"  style=\" background-image:url(https:\/\/www.palm-hotel.com\/wp-content\/uploads\/2020\/03\/palm_bandeau_tarifs.jpg); background-repeat: no-repeat; background-position: center top; background-size: cover; height: 560px;\"  >\n\t\t\t<div class=\"fw-container-fluid\" >\n\t\t<div class=\"fw-row\">\n\t<div id=\"column-6a04ca1d4291a\" class=\"fw-col-sm-12 tf-sh-18b8432e0468f1415a3ae419b7822d33  fw-animated-element fw-col-no-padding\" data-animation-type=\"fadeInUp\" data-animation-delay=\"300\">\n\t<div class=\"fw-wrap-col-inner clearfix  \"   >\n\t\t\t\t<div class=\"fw-col-inner\">\n\t\t\t<div class=\"fw-heading fw-heading-center  fw-heading-with-subtitle tf-sh-277ab0ddd26e64a702509b6a58d9f9c2\" >\n\t\t\t<h1 class=\"fw-special-title\">TARIFS<\/h1>\n\t\n\t\n\t\t\t<div class=\"fw-special-subtitle\">D\u00e9couvrez les tarifs du Palm Hotel<\/div>\n\t<\/div>\t\t<\/div>\n\t<\/div>\n<\/div><\/div>\n\n\t<\/div>\n\t<\/section><section   class=\"fw-main-row-custom fw-section-no-padding  auto  fw-section-position-back tf-sh-ab92656868cc9c71ef09e446399b9638\"  style=\" background-color:#e8e8e8;\"  >\n\t\t\t<div class=\"fw-container-fluid\" >\n\t\t<div class=\"fw-row\">\n\t<div id=\"column-6a04ca1d42fc5\" class=\"fw-col-sm-3 tf-sh-4dc3398b5d63dcbf00e19d650a509a00\" >\n\t<div class=\"fw-wrap-col-inner clearfix  \"   >\n\t\t\t\t<div class=\"fw-col-inner\">\n\t\t\t\t\t<\/div>\n\t<\/div>\n<\/div><div id=\"column-6a04ca1d430fd\" class=\"fw-col-sm-12 fw-col-md-6 tf-sh-a63f715448fab47ecece44d1ebb4e6ff\" >\n\t<div class=\"fw-wrap-col-inner clearfix  \"   >\n\t\t\t\t<div class=\"fw-col-inner\">\n\t\t\t<div class=\"fw-heading fw-heading-center  fw-heading-with-subtitle tf-sh-4c2b879b327318a05c2b5662e4d8713c\" >\n\t\t\t<h5 class=\"fw-special-title\">2025 \/ 2026<\/h5>\n\t\n\t\n\t\t\t<div class=\"fw-special-subtitle\">Contacter nous pour obtenir les meilleurs tarifs<\/div>\n\t<\/div><div class=\"fw-heading fw-heading-center  tf-sh-d457d3eeec9658bae2ae7a2e2256b49b\" >\n\t\t\t<h2 class=\"fw-special-title\">TARIFS<\/h2>\n\t\n\t\n\t<\/div><div class=\"fw-divider-space  fw-custom-space  clearfix\" style=\"height:20px;\" ><\/div><div class=\"fw-text-box tf-sh-a69564321ae0f14d917305a7366a0191  fw-animated-element\"  data-animation-type=\"fadeInUp\" data-animation-delay=\"500\">\n\t<div class=\"fw-text-inner\">\n\t\t<table>\n<tbody>\n<tr>\n<td><\/td>\n<td><strong>BASSE SAISON<\/strong><\/td>\n<td><strong>HAUTE SAISON<\/strong><\/td>\n<\/tr>\n<tr>\n<td><strong>Chambre Double Standard<\/strong><\/td>\n<td><strong>158<\/strong><\/td>\n<td><strong>218<\/strong><\/td>\n<\/tr>\n<tr>\n<td><strong>Chambre Double Superior<\/strong><\/td>\n<td><strong>188<\/strong><\/td>\n<td><strong>258<\/strong><\/td>\n<\/tr>\n<tr>\n<td><strong>Chambre Double Terrasse<\/strong><\/td>\n<td><strong>238<\/strong><\/td>\n<td><strong>308<\/strong><\/td>\n<\/tr>\n<tr>\n<td><strong>Chambre triple<\/strong><\/td>\n<td><strong>238<\/strong><\/td>\n<td><strong>318<\/strong><\/td>\n<\/tr>\n<tr>\n<td><strong>Suite<\/strong><\/td>\n<td><strong>308<\/strong><\/td>\n<td><strong>498<\/strong><\/td>\n<\/tr>\n<\/tbody>\n<\/table>\n<p>&nbsp;<\/p>\n<p style=\"text-align: center;\"><strong>Basse Saison<\/strong> : Janvier - F\u00e9vrier \u2013 Mars \u2013 Octobre - Novembre - D\u00e9cembre<\/p>\n<p style=\"text-align: center;\"><strong>Haute Saison<\/strong> : Avril \u2013 Mai - Juin - Juillet - Ao\u00fbt \u2013 Septembre<\/p>\n<p style=\"text-align: center;\">Ces Tarifs ne sont pas valables pour les p\u00e9riodes de congr\u00e8s, festivals et f\u00eates<\/p>\n<p style=\"text-align: center;\"><em>Taxe de S\u00e9jour<\/em>: 2.28\u20ac \/ personne \/ nuit.<\/p>\n<p style=\"text-align: center;\"><em>Petit D\u00e9jeuner <\/em>: 12\u20ac par personne<\/p>\n<p style=\"text-align: center;\"><strong><br \/>PALM HOTEL NICE<br \/><\/strong>8B Rue Maccarani 06000 NICE FRANCE<br \/>Mail :\u00a0<u>contact@palm-hotel.com<br \/><\/u>SAS PALM au capital de 5\u00a0000\u20ac<br \/>849\u00a0295 100 RCS Nice \/ N\u00b0 de TVA Intercommunautaire : FR 86\u00a0849\u00a0295 100<\/p>\n\t<\/div>\n<\/div><div class=\"fw-divider-space  fw-custom-space  clearfix\" style=\"height:30px;\" ><\/div><div class=\"text-center\">\t<a href=\"https:\/\/www.palm-hotel.com\/contact\/\" target=\"_self\" class=\"fw-btn tf-sh-e1017b4d02052cef74b998e2b46a1a2a  fw-btn-md  fw-btn-1\"  style=\"\">\n\t\t<span >\n\t\t\tDEMANDE D'INFORMATIONS<i class=\"pull-right-icon fa fa-angle-right\" style=\"font-size:22px;\"><\/i>\t\t<\/span>\n\t<\/a>\n<\/div><div class=\"fw-divider-space  fw-custom-space  clearfix\" style=\"height:20px;\" ><\/div>\t\t<\/div>\n\t<\/div>\n<\/div><\/div>\n\n\t<\/div>\n\t<\/section><\/p>\n","protected":false},"excerpt":{"rendered":"<p>TARIFS D\u00e9couvrez les tarifs du Palm Hotel 2025 \/ 2026 Contacter nous pour obtenir les meilleurs tarifs TARIFS BASSE SAISON HAUTE SAISON Chambre Double Standard 158 218 Chambre Double Superior 188 258 Chambre Double Terrasse 238 308 Chambre triple 238 318 Suite 308 498 &nbsp; Basse Saison : Janvier &#8211; F\u00e9vrier \u2013 Mars \u2013 Octobre [&hellip;]<\/p>\n","protected":false},"author":4,"featured_media":0,"parent":0,"menu_order":0,"comment_status":"closed","ping_status":"closed","template":"visual-builder-template.php","meta":{"footnotes":""},"class_list":["post-2283","page","type-page","status-publish","hentry"],"acf":[],"yoast_head":"<!-- This site is optimized with the Yoast SEO plugin v18.7 - https:\/\/yoast.com\/wordpress\/plugins\/seo\/ -->\n<title>H\u00f4tel 4 \u00e9toiles Toulouse proche a\u00e9roport - Holiday Inn Toulouse Airport<\/title>\n<meta name=\"description\" content=\"Id\u00e9alement situ\u00e9 \u00e0 proximit\u00e9 de l&#039;a\u00e9roport, l&#039;h\u00f4tel 4 \u00e9toiles Holiday Inn Toulouse Airport vous accueille dans l&#039;une de ses 150 chambres de grand confort. Meilleur tarif garanti sur le site de l&#039;h\u00f4tel.\" \/>\n<meta name=\"robots\" content=\"index, follow, max-snippet:-1, max-image-preview:large, max-video-preview:-1\" \/>\n<link rel=\"canonical\" href=\"https:\/\/www.palm-hotel.com\/en\/tarifs\/\" \/>\n<meta property=\"og:locale\" content=\"en_US\" \/>\n<meta property=\"og:type\" content=\"article\" \/>\n<meta property=\"og:title\" content=\"H\u00f4tel 4 \u00e9toiles Toulouse proche a\u00e9roport - Holiday Inn Toulouse Airport\" \/>\n<meta property=\"og:description\" content=\"Id\u00e9alement situ\u00e9 \u00e0 proximit\u00e9 de l&#039;a\u00e9roport, l&#039;h\u00f4tel 4 \u00e9toiles Holiday Inn Toulouse Airport vous accueille dans l&#039;une de ses 150 chambres de grand confort. Meilleur tarif garanti sur le site de l&#039;h\u00f4tel.\" \/>\n<meta property=\"og:url\" content=\"https:\/\/www.palm-hotel.com\/en\/tarifs\/\" \/>\n<meta property=\"og:site_name\" content=\"Palm Hotel\" \/>\n<meta property=\"article:modified_time\" content=\"2025-02-26T10:53:56+00:00\" \/>\n<meta name=\"twitter:card\" content=\"summary_large_image\" \/>\n<meta name=\"twitter:label1\" content=\"Est. reading time\" \/>\n\t<meta name=\"twitter:data1\" content=\"1 minute\" \/>\n<script type=\"application\/ld+json\" class=\"yoast-schema-graph\">{\"@context\":\"https:\/\/schema.org\",\"@graph\":[{\"@type\":\"WebSite\",\"@id\":\"https:\/\/www.palm-hotel.com\/en\/#website\",\"url\":\"https:\/\/www.palm-hotel.com\/en\/\",\"name\":\"Palm Hotel\",\"description\":\"H\u00f4tel 4 \u00e9toiles proche a\u00e9roport Nice\",\"potentialAction\":[{\"@type\":\"SearchAction\",\"target\":{\"@type\":\"EntryPoint\",\"urlTemplate\":\"https:\/\/www.palm-hotel.com\/en\/?s={search_term_string}\"},\"query-input\":\"required name=search_term_string\"}],\"inLanguage\":\"en-US\"},{\"@type\":\"WebPage\",\"@id\":\"https:\/\/www.palm-hotel.com\/en\/tarifs\/#webpage\",\"url\":\"https:\/\/www.palm-hotel.com\/en\/tarifs\/\",\"name\":\"H\u00f4tel 4 \u00e9toiles Toulouse proche a\u00e9roport - Holiday Inn Toulouse Airport\",\"isPartOf\":{\"@id\":\"https:\/\/www.palm-hotel.com\/en\/#website\"},\"datePublished\":\"2020-01-17T11:31:15+00:00\",\"dateModified\":\"2025-02-26T10:53:56+00:00\",\"description\":\"Id\u00e9alement situ\u00e9 \u00e0 proximit\u00e9 de l'a\u00e9roport, l'h\u00f4tel 4 \u00e9toiles Holiday Inn Toulouse Airport vous accueille dans l'une de ses 150 chambres de grand confort. Meilleur tarif garanti sur le site de l'h\u00f4tel.\",\"breadcrumb\":{\"@id\":\"https:\/\/www.palm-hotel.com\/en\/tarifs\/#breadcrumb\"},\"inLanguage\":\"en-US\",\"potentialAction\":[{\"@type\":\"ReadAction\",\"target\":[\"https:\/\/www.palm-hotel.com\/en\/tarifs\/\"]}]},{\"@type\":\"BreadcrumbList\",\"@id\":\"https:\/\/www.palm-hotel.com\/en\/tarifs\/#breadcrumb\",\"itemListElement\":[{\"@type\":\"ListItem\",\"position\":1,\"name\":\"Accueil\",\"item\":\"https:\/\/www.palm-hotel.com\/en\/\"},{\"@type\":\"ListItem\",\"position\":2,\"name\":\"Tarifs\"}]}]}<\/script>\n<!-- \/ Yoast SEO plugin. -->","yoast_head_json":{"title":"H\u00f4tel 4 \u00e9toiles Toulouse proche a\u00e9roport - Holiday Inn Toulouse Airport","description":"Id\u00e9alement situ\u00e9 \u00e0 proximit\u00e9 de l'a\u00e9roport, l'h\u00f4tel 4 \u00e9toiles Holiday Inn Toulouse Airport vous accueille dans l'une de ses 150 chambres de grand confort. Meilleur tarif garanti sur le site de l'h\u00f4tel.","robots":{"index":"index","follow":"follow","max-snippet":"max-snippet:-1","max-image-preview":"max-image-preview:large","max-video-preview":"max-video-preview:-1"},"canonical":"https:\/\/www.palm-hotel.com\/en\/tarifs\/","og_locale":"en_US","og_type":"article","og_title":"H\u00f4tel 4 \u00e9toiles Toulouse proche a\u00e9roport - Holiday Inn Toulouse Airport","og_description":"Id\u00e9alement situ\u00e9 \u00e0 proximit\u00e9 de l'a\u00e9roport, l'h\u00f4tel 4 \u00e9toiles Holiday Inn Toulouse Airport vous accueille dans l'une de ses 150 chambres de grand confort. Meilleur tarif garanti sur le site de l'h\u00f4tel.","og_url":"https:\/\/www.palm-hotel.com\/en\/tarifs\/","og_site_name":"Palm Hotel","article_modified_time":"2025-02-26T10:53:56+00:00","twitter_card":"summary_large_image","twitter_misc":{"Est. reading time":"1 minute"},"schema":{"@context":"https:\/\/schema.org","@graph":[{"@type":"WebSite","@id":"https:\/\/www.palm-hotel.com\/en\/#website","url":"https:\/\/www.palm-hotel.com\/en\/","name":"Palm Hotel","description":"H\u00f4tel 4 \u00e9toiles proche a\u00e9roport Nice","potentialAction":[{"@type":"SearchAction","target":{"@type":"EntryPoint","urlTemplate":"https:\/\/www.palm-hotel.com\/en\/?s={search_term_string}"},"query-input":"required name=search_term_string"}],"inLanguage":"en-US"},{"@type":"WebPage","@id":"https:\/\/www.palm-hotel.com\/en\/tarifs\/#webpage","url":"https:\/\/www.palm-hotel.com\/en\/tarifs\/","name":"H\u00f4tel 4 \u00e9toiles Toulouse proche a\u00e9roport - Holiday Inn Toulouse Airport","isPartOf":{"@id":"https:\/\/www.palm-hotel.com\/en\/#website"},"datePublished":"2020-01-17T11:31:15+00:00","dateModified":"2025-02-26T10:53:56+00:00","description":"Id\u00e9alement situ\u00e9 \u00e0 proximit\u00e9 de l'a\u00e9roport, l'h\u00f4tel 4 \u00e9toiles Holiday Inn Toulouse Airport vous accueille dans l'une de ses 150 chambres de grand confort. Meilleur tarif garanti sur le site de l'h\u00f4tel.","breadcrumb":{"@id":"https:\/\/www.palm-hotel.com\/en\/tarifs\/#breadcrumb"},"inLanguage":"en-US","potentialAction":[{"@type":"ReadAction","target":["https:\/\/www.palm-hotel.com\/en\/tarifs\/"]}]},{"@type":"BreadcrumbList","@id":"https:\/\/www.palm-hotel.com\/en\/tarifs\/#breadcrumb","itemListElement":[{"@type":"ListItem","position":1,"name":"Accueil","item":"https:\/\/www.palm-hotel.com\/en\/"},{"@type":"ListItem","position":2,"name":"Tarifs"}]}]}},"_links":{"self":[{"href":"https:\/\/www.palm-hotel.com\/en\/wp-json\/wp\/v2\/pages\/2283","targetHints":{"allow":["GET"]}}],"collection":[{"href":"https:\/\/www.palm-hotel.com\/en\/wp-json\/wp\/v2\/pages"}],"about":[{"href":"https:\/\/www.palm-hotel.com\/en\/wp-json\/wp\/v2\/types\/page"}],"author":[{"embeddable":true,"href":"https:\/\/www.palm-hotel.com\/en\/wp-json\/wp\/v2\/users\/4"}],"replies":[{"embeddable":true,"href":"https:\/\/www.palm-hotel.com\/en\/wp-json\/wp\/v2\/comments?post=2283"}],"version-history":[{"count":4,"href":"https:\/\/www.palm-hotel.com\/en\/wp-json\/wp\/v2\/pages\/2283\/revisions"}],"predecessor-version":[{"id":2668,"href":"https:\/\/www.palm-hotel.com\/en\/wp-json\/wp\/v2\/pages\/2283\/revisions\/2668"}],"wp:attachment":[{"href":"https:\/\/www.palm-hotel.com\/en\/wp-json\/wp\/v2\/media?parent=2283"}],"curies":[{"name":"wp","href":"https:\/\/api.w.org\/{rel}","templated":true}]}}